{"id":351,"date":"2024-05-28T17:33:02","date_gmt":"2024-05-28T15:33:02","guid":{"rendered":"https:\/\/gmc1-belpech.fr\/?page_id=351"},"modified":"2024-06-13T11:20:46","modified_gmt":"2024-06-13T09:20:46","slug":"accueil","status":"publish","type":"page","link":"https:\/\/gmc1-belpech.fr\/","title":{"rendered":"Accueil"},"content":{"rendered":"\n<p>Chers amis et voisins,<\/p>\n\n\n\n<p>L\u2019association <strong>GMC1<\/strong> a entrepris une aventure incroyable : restaurer le vieux camion de pompier qui a autrefois servi notre village avec bravoure. Ce projet est un hommage aux pompiers qui ont prot\u00e9g\u00e9 notre communaut\u00e9 et un moyen de pr\u00e9server un morceau de notre histoire.<\/p>\n\n\n\n<div class=\"wp-block-envira-envira-gallery\"><div id=\"envira-gallery-wrap-370\" class=\"envira-gallery-wrap envira-gallery-theme-base envira-lightbox-theme-base\" itemscope itemtype=\"https:\/\/schema.org\/ImageGallery\"><div data-row-height=\"150\" data-gallery-theme=\"normal\" id=\"envira-gallery-370\" class=\"envira-gallery-public envira-gallery-justified-public envira-gallery-0-columns envira-clear enviratope envira-gallery-css-animations\" data-envira-columns=\"0\"><div id=\"envira-gallery-item-453\" class=\"envira-gallery-item enviratope-item envira-gallery-item-1 envira-lazy-load\" style=\"padding-left: 1px; padding-bottom: 1px; padding-right: 1px;\"  itemscope itemtype=\"https:\/\/schema.org\/ImageObject\"><div class=\"envira-gallery-item-inner\"><div class=\"envira-gallery-position-overlay  envira-gallery-top-left\"><\/div><div class=\"envira-gallery-position-overlay  envira-gallery-top-right\"><\/div><div class=\"envira-gallery-position-overlay  envira-gallery-bottom-left\"><\/div><div class=\"envira-gallery-position-overlay  envira-gallery-bottom-right\"><\/div><a href=\"https:\/\/gmc1-belpech.fr\/wp-content\/uploads\/2024\/11\/image0000001.jpg\" class=\"envira-gallery-370 envira-gallery-link\" rel=\"enviragallery370\" title=\"image0000001\" data-envira-caption=\"image0000001\" data-envira-retina=\"\" data-thumbnail=\"\"  itemprop=\"contentUrl\"><img decoding=\"async\" id=\"envira-gallery-image-453\" class=\"envira-gallery-image envira-gallery-image-1 envira-normal envira-lazy\" data-envira-index=\"1\" src=\"https:\/\/gmc1-belpech.fr\/wp-content\/uploads\/2024\/11\/image0000001-640x480.jpg\" data-envira-src=\"https:\/\/gmc1-belpech.fr\/wp-content\/uploads\/2024\/11\/image0000001-640x480.jpg\" data-envira-gallery-id=\"370\" data-envira-item-id=\"453\" data-envira-caption=\"image0000001\" alt=\"\" title=\"image0000001\"  itemprop=\"thumbnailUrl\" data-envira-srcset=\"https:\/\/gmc1-belpech.fr\/wp-content\/uploads\/2024\/11\/image0000001-640x480.jpg 400w,https:\/\/gmc1-belpech.fr\/wp-content\/uploads\/2024\/11\/image0000001-640x480.jpg 2x\" data-envira-width=\"225\" data-envira-height=\"300\" srcset=\"data:image\/gif;base64,R0lGODlhAQABAIAAAP\/\/\/\/\/\/\/yH5BAEKAAEALAAAAAABAAEAAAICTAEAOw==\" data-safe-src=\"data:image\/gif;base64,R0lGODlhAQABAIAAAP\/\/\/\/\/\/\/yH5BAEKAAEALAAAAAABAAEAAAICTAEAOw==\" \/><\/a><\/div><\/div><div id=\"envira-gallery-item-432\" class=\"envira-gallery-item enviratope-item envira-gallery-item-2 envira-lazy-load\" style=\"padding-left: 1px; padding-bottom: 1px; padding-right: 1px;\"  itemscope itemtype=\"https:\/\/schema.org\/ImageObject\"><div class=\"envira-gallery-item-inner\"><div class=\"envira-gallery-position-overlay  envira-gallery-top-left\"><\/div><div class=\"envira-gallery-position-overlay  envira-gallery-top-right\"><\/div><div class=\"envira-gallery-position-overlay  envira-gallery-bottom-left\"><\/div><div class=\"envira-gallery-position-overlay  envira-gallery-bottom-right\"><\/div><a href=\"https:\/\/gmc1-belpech.fr\/wp-content\/uploads\/2024\/06\/4f84ba2e-9463-4084-92bc-a0c1bb1c4067-1.jpg\" class=\"envira-gallery-370 envira-gallery-link\" rel=\"enviragallery370\" title=\"4f84ba2e-9463-4084-92bc-a0c1bb1c4067-1.jpg\" data-envira-caption=\"4f84ba2e-9463-4084-92bc-a0c1bb1c4067-1.jpg\" data-envira-retina=\"\" data-thumbnail=\"\"  itemprop=\"contentUrl\"><img decoding=\"async\" id=\"envira-gallery-image-432\" class=\"envira-gallery-image envira-gallery-image-2 envira-normal envira-lazy\" data-envira-index=\"2\" src=\"https:\/\/gmc1-belpech.fr\/wp-content\/uploads\/2024\/06\/4f84ba2e-9463-4084-92bc-a0c1bb1c4067-1-768x1024-640x480.jpg\" data-envira-src=\"https:\/\/gmc1-belpech.fr\/wp-content\/uploads\/2024\/06\/4f84ba2e-9463-4084-92bc-a0c1bb1c4067-1-768x1024-640x480.jpg\" data-envira-gallery-id=\"370\" data-envira-item-id=\"432\" data-envira-caption=\"4f84ba2e-9463-4084-92bc-a0c1bb1c4067-1.jpg\" alt=\"\" title=\"4f84ba2e-9463-4084-92bc-a0c1bb1c4067-1.jpg\"  itemprop=\"thumbnailUrl\" data-envira-srcset=\"https:\/\/gmc1-belpech.fr\/wp-content\/uploads\/2024\/06\/4f84ba2e-9463-4084-92bc-a0c1bb1c4067-1-768x1024-640x480.jpg 400w,https:\/\/gmc1-belpech.fr\/wp-content\/uploads\/2024\/06\/4f84ba2e-9463-4084-92bc-a0c1bb1c4067-1-768x1024-640x480.jpg 2x\" data-envira-width=\"225\" data-envira-height=\"300\" srcset=\"data:image\/gif;base64,R0lGODlhAQABAIAAAP\/\/\/\/\/\/\/yH5BAEKAAEALAAAAAABAAEAAAICTAEAOw==\" data-safe-src=\"data:image\/gif;base64,R0lGODlhAQABAIAAAP\/\/\/\/\/\/\/yH5BAEKAAEALAAAAAABAAEAAAICTAEAOw==\" \/><\/a><\/div><\/div><\/div><\/div><noscript><img decoding=\"async\" src=\"https:\/\/gmc1-belpech.fr\/wp-content\/uploads\/2024\/11\/image0000001.jpg\" alt=\"\" \/><img decoding=\"async\" src=\"https:\/\/gmc1-belpech.fr\/wp-content\/uploads\/2024\/06\/4f84ba2e-9463-4084-92bc-a0c1bb1c4067-1.jpg\" alt=\"\" \/><\/noscript><\/div>\n\n\n\n<h2 class=\"wp-block-heading\">Pourquoi c\u2019est important ?<\/h2>\n\n\n\n<p>Ce camion a \u00e9t\u00e9 le premier amour de nos anciens pompiers, et aujourd\u2019hui, leurs enfants souhaitent le restaurer pour honorer leur m\u00e9moire et inspirer les g\u00e9n\u00e9rations futures. Ce projet est bien plus qu&rsquo;une restauration m\u00e9canique, c&rsquo;est un acte de m\u00e9moire et de respect.<\/p>\n\n\n\n<h2 class=\"wp-block-heading\">Comment pouvez-vous aider ?<\/h2>\n\n\n\n<p>Nous avons besoin de votre soutien, que ce soit par des dons ou en rejoignant notre \u00e9quipe. Voici comment vous pouvez contribuer :<\/p>\n\n\n\n<ul class=\"wp-block-list\">\n<li><strong>Faites un don<\/strong> : Votre contribution financi\u00e8re, m\u00eame modeste, nous aidera \u00e0 acheter les pi\u00e8ces et les mat\u00e9riaux n\u00e9cessaires.<\/li>\n\n\n\n<li><strong>Partagez l\u2019info<\/strong> : Parlez de notre projet autour de vous, partagez notre histoire sur les r\u00e9seaux sociaux et invitez vos amis \u00e0 nous soutenir. Plus nous serons nombreux, plus notre projet aura de chances de r\u00e9ussir.<\/li>\n<\/ul>\n\n\n\n\n\n<p><\/p>\n\n\n\n<p><strong>Contactez-nous<\/strong> :<br \/> Pour plus d&rsquo;informations ou pour discuter de la mani\u00e8re dont vous pouvez aider, contactez-nous sur notre Boite mail : <a href=\"mailto:gmc1belpech@gmail.com\">gmc1belpech@gmail.com<\/a><\/p>\n\n\n\n<p>Ensemble, nous pouvons redonner vie \u00e0 ce symbole de courage et de solidarit\u00e9. Merci de votre soutien !<\/p>\n","protected":false},"excerpt":{"rendered":"<p>Chers amis et voisins, L\u2019association GMC1 a entrepris une aventure incroyable : restaurer le vieux camion de pompier qui a autrefois servi notre village avec bravoure. Ce projet est un hommage aux pompiers qui ont prot\u00e9g\u00e9 notre communaut\u00e9 et un moyen de pr\u00e9server un morceau de notre histoire. Pourquoi c\u2019est important ? Ce camion a &#8230; <a title=\"Accueil\" class=\"read-more\" href=\"https:\/\/gmc1-belpech.fr\/\" aria-label=\"Read more about Accueil\">Lire la suite<\/a><\/p>\n","protected":false},"author":1,"featured_media":0,"parent":0,"menu_order":0,"comment_status":"closed","ping_status":"closed","template":"","meta":{"jetpack_post_was_ever_published":false,"footnotes":""},"class_list":["post-351","page","type-page","status-publish"],"jetpack_sharing_enabled":true,"_links":{"self":[{"href":"https:\/\/gmc1-belpech.fr\/index.php\/wp-json\/wp\/v2\/pages\/351","targetHints":{"allow":["GET"]}}],"collection":[{"href":"https:\/\/gmc1-belpech.fr\/index.php\/wp-json\/wp\/v2\/pages"}],"about":[{"href":"https:\/\/gmc1-belpech.fr\/index.php\/wp-json\/wp\/v2\/types\/page"}],"author":[{"embeddable":true,"href":"https:\/\/gmc1-belpech.fr\/index.php\/wp-json\/wp\/v2\/users\/1"}],"replies":[{"embeddable":true,"href":"https:\/\/gmc1-belpech.fr\/index.php\/wp-json\/wp\/v2\/comments?post=351"}],"version-history":[{"count":10,"href":"https:\/\/gmc1-belpech.fr\/index.php\/wp-json\/wp\/v2\/pages\/351\/revisions"}],"predecessor-version":[{"id":451,"href":"https:\/\/gmc1-belpech.fr\/index.php\/wp-json\/wp\/v2\/pages\/351\/revisions\/451"}],"wp:attachment":[{"href":"https:\/\/gmc1-belpech.fr\/index.php\/wp-json\/wp\/v2\/media?parent=351"}],"curies":[{"name":"wp","href":"https:\/\/api.w.org\/{rel}","templated":true}]}}