{"id":288,"date":"2024-05-19T10:55:37","date_gmt":"2024-05-19T08:55:37","guid":{"rendered":"https:\/\/gmc1-belpech.fr\/?page_id=288"},"modified":"2024-05-28T18:02:25","modified_gmt":"2024-05-28T16:02:25","slug":"photos","status":"publish","type":"page","link":"https:\/\/gmc1-belpech.fr\/index.php\/photos\/","title":{"rendered":"Photos"},"content":{"rendered":"\n<p>Cette section est d\u00e9di\u00e9e \u00e0 la mise en lumi\u00e8re de notre passion et de nos efforts pour restaurer et pr\u00e9server l&rsquo;ancien camion de pompiers de notre village. Parcourez notre galerie de photos pour d\u00e9couvrir l&rsquo;histoire vivante de ce v\u00e9hicule embl\u00e9matique, les \u00e9tapes de sa restauration, et les \u00e9v\u00e9nements auxquels il a particip\u00e9.<\/p>\n\n\n\n<div class=\"wp-block-envira-envira-gallery\"><div id=\"envira-gallery-wrap-333\" class=\"envira-gallery-wrap envira-gallery-theme-base envira-lightbox-theme-base\" itemscope itemtype=\"https:\/\/schema.org\/ImageGallery\"><div data-row-height=\"\" data-gallery-theme=\"\" id=\"envira-gallery-333\" class=\"envira-gallery-public  envira-gallery-4-columns envira-clear envira-gallery-css-animations\" data-envira-columns=\"4\"><div id=\"envira-gallery-item-458\" class=\"envira-gallery-item enviratope-item envira-gallery-item-1 envira-lazy-load\" style=\"padding-left: 3px; padding-bottom: 5px; padding-right: 3px;\"  itemscope itemtype=\"https:\/\/schema.org\/ImageObject\"><div class=\"envira-gallery-item-inner\"><div class=\"envira-gallery-position-overlay  envira-gallery-top-left\"><\/div><div class=\"envira-gallery-position-overlay  envira-gallery-top-right\"><\/div><div class=\"envira-gallery-position-overlay  envira-gallery-bottom-left\"><\/div><div class=\"envira-gallery-position-overlay  envira-gallery-bottom-right\"><\/div><a href=\"https:\/\/gmc1-belpech.fr\/wp-content\/uploads\/2024\/11\/2ced6330-83f0-4443-91ae-dc5504fe9835.jpg\" class=\"envira-gallery-333 envira-gallery-link\" rel=\"enviragallery333\" title=\"2ced6330-83f0-4443-91ae-dc5504fe9835\" data-envira-caption=\"2ced6330-83f0-4443-91ae-dc5504fe9835\" data-envira-retina=\"\" data-thumbnail=\"\"  itemprop=\"contentUrl\"><div class=\"envira-lazy\" data-test-width=\"640\" data-test-height=\"480\" style=\"padding-bottom:75%;\"><img decoding=\"async\" id=\"envira-gallery-image-458\" class=\"envira-gallery-image envira-gallery-image-1\" data-envira-index=\"1\" src=\"https:\/\/gmc1-belpech.fr\/wp-content\/uploads\/2024\/11\/2ced6330-83f0-4443-91ae-dc5504fe9835-768x1024-640x480.jpg\" data-envira-src=\"https:\/\/gmc1-belpech.fr\/wp-content\/uploads\/2024\/11\/2ced6330-83f0-4443-91ae-dc5504fe9835-768x1024-640x480.jpg\" data-envira-gallery-id=\"333\" data-envira-item-id=\"458\" data-envira-caption=\"2ced6330-83f0-4443-91ae-dc5504fe9835\" alt=\"\" title=\"2ced6330-83f0-4443-91ae-dc5504fe9835\"  itemprop=\"thumbnailUrl\" data-envira-srcset=\"https:\/\/gmc1-belpech.fr\/wp-content\/uploads\/2024\/11\/2ced6330-83f0-4443-91ae-dc5504fe9835-768x1024-640x480.jpg 400w,https:\/\/gmc1-belpech.fr\/wp-content\/uploads\/2024\/11\/2ced6330-83f0-4443-91ae-dc5504fe9835-768x1024-640x480.jpg 2x\" srcset=\"data:image\/gif;base64,R0lGODlhAQABAIAAAP\/\/\/\/\/\/\/yH5BAEKAAEALAAAAAABAAEAAAICTAEAOw==\" \/><\/div><\/a><\/div><\/div><div id=\"envira-gallery-item-461\" class=\"envira-gallery-item enviratope-item envira-gallery-item-2 envira-lazy-load\" style=\"padding-left: 3px; padding-bottom: 5px; padding-right: 3px;\"  itemscope itemtype=\"https:\/\/schema.org\/ImageObject\"><div class=\"envira-gallery-item-inner\"><div class=\"envira-gallery-position-overlay  envira-gallery-top-left\"><\/div><div class=\"envira-gallery-position-overlay  envira-gallery-top-right\"><\/div><div class=\"envira-gallery-position-overlay  envira-gallery-bottom-left\"><\/div><div class=\"envira-gallery-position-overlay  envira-gallery-bottom-right\"><\/div><a href=\"https:\/\/gmc1-belpech.fr\/wp-content\/uploads\/2024\/11\/4f84ba2e-9463-4084-92bc-a0c1bb1c4067.jpg\" class=\"envira-gallery-333 envira-gallery-link\" rel=\"enviragallery333\" title=\"4f84ba2e-9463-4084-92bc-a0c1bb1c4067\" data-envira-caption=\"4f84ba2e-9463-4084-92bc-a0c1bb1c4067\" data-envira-retina=\"\" data-thumbnail=\"\"  itemprop=\"contentUrl\"><div class=\"envira-lazy\" data-test-width=\"640\" data-test-height=\"480\" style=\"padding-bottom:75%;\"><img decoding=\"async\" id=\"envira-gallery-image-461\" class=\"envira-gallery-image envira-gallery-image-2\" data-envira-index=\"2\" src=\"https:\/\/gmc1-belpech.fr\/wp-content\/uploads\/2024\/11\/4f84ba2e-9463-4084-92bc-a0c1bb1c4067-768x1024-640x480.jpg\" data-envira-src=\"https:\/\/gmc1-belpech.fr\/wp-content\/uploads\/2024\/11\/4f84ba2e-9463-4084-92bc-a0c1bb1c4067-768x1024-640x480.jpg\" data-envira-gallery-id=\"333\" data-envira-item-id=\"461\" data-envira-caption=\"4f84ba2e-9463-4084-92bc-a0c1bb1c4067\" alt=\"\" title=\"4f84ba2e-9463-4084-92bc-a0c1bb1c4067\"  itemprop=\"thumbnailUrl\" data-envira-srcset=\"https:\/\/gmc1-belpech.fr\/wp-content\/uploads\/2024\/11\/4f84ba2e-9463-4084-92bc-a0c1bb1c4067-768x1024-640x480.jpg 400w,https:\/\/gmc1-belpech.fr\/wp-content\/uploads\/2024\/11\/4f84ba2e-9463-4084-92bc-a0c1bb1c4067-768x1024-640x480.jpg 2x\" srcset=\"data:image\/gif;base64,R0lGODlhAQABAIAAAP\/\/\/\/\/\/\/yH5BAEKAAEALAAAAAABAAEAAAICTAEAOw==\" \/><\/div><\/a><\/div><\/div><div id=\"envira-gallery-item-460\" class=\"envira-gallery-item enviratope-item envira-gallery-item-3 envira-lazy-load\" style=\"padding-left: 3px; padding-bottom: 5px; padding-right: 3px;\"  itemscope itemtype=\"https:\/\/schema.org\/ImageObject\"><div class=\"envira-gallery-item-inner\"><div class=\"envira-gallery-position-overlay  envira-gallery-top-left\"><\/div><div class=\"envira-gallery-position-overlay  envira-gallery-top-right\"><\/div><div class=\"envira-gallery-position-overlay  envira-gallery-bottom-left\"><\/div><div class=\"envira-gallery-position-overlay  envira-gallery-bottom-right\"><\/div><a href=\"https:\/\/gmc1-belpech.fr\/wp-content\/uploads\/2024\/11\/1a4026fa-c146-4b0d-83b7-e6e1223f981d.jpg\" class=\"envira-gallery-333 envira-gallery-link\" rel=\"enviragallery333\" title=\"1a4026fa-c146-4b0d-83b7-e6e1223f981d\" data-envira-caption=\"1a4026fa-c146-4b0d-83b7-e6e1223f981d\" data-envira-retina=\"\" data-thumbnail=\"\"  itemprop=\"contentUrl\"><div class=\"envira-lazy\" data-test-width=\"640\" data-test-height=\"480\" style=\"padding-bottom:75%;\"><img decoding=\"async\" id=\"envira-gallery-image-460\" class=\"envira-gallery-image envira-gallery-image-3\" data-envira-index=\"3\" src=\"https:\/\/gmc1-belpech.fr\/wp-content\/uploads\/2024\/11\/1a4026fa-c146-4b0d-83b7-e6e1223f981d-768x1024-640x480.jpg\" data-envira-src=\"https:\/\/gmc1-belpech.fr\/wp-content\/uploads\/2024\/11\/1a4026fa-c146-4b0d-83b7-e6e1223f981d-768x1024-640x480.jpg\" data-envira-gallery-id=\"333\" data-envira-item-id=\"460\" data-envira-caption=\"1a4026fa-c146-4b0d-83b7-e6e1223f981d\" alt=\"\" title=\"1a4026fa-c146-4b0d-83b7-e6e1223f981d\"  itemprop=\"thumbnailUrl\" data-envira-srcset=\"https:\/\/gmc1-belpech.fr\/wp-content\/uploads\/2024\/11\/1a4026fa-c146-4b0d-83b7-e6e1223f981d-768x1024-640x480.jpg 400w,https:\/\/gmc1-belpech.fr\/wp-content\/uploads\/2024\/11\/1a4026fa-c146-4b0d-83b7-e6e1223f981d-768x1024-640x480.jpg 2x\" srcset=\"data:image\/gif;base64,R0lGODlhAQABAIAAAP\/\/\/\/\/\/\/yH5BAEKAAEALAAAAAABAAEAAAICTAEAOw==\" \/><\/div><\/a><\/div><\/div><div id=\"envira-gallery-item-459\" class=\"envira-gallery-item enviratope-item envira-gallery-item-4 envira-lazy-load\" style=\"padding-left: 3px; padding-bottom: 5px; padding-right: 3px;\"  itemscope itemtype=\"https:\/\/schema.org\/ImageObject\"><div class=\"envira-gallery-item-inner\"><div class=\"envira-gallery-position-overlay  envira-gallery-top-left\"><\/div><div class=\"envira-gallery-position-overlay  envira-gallery-top-right\"><\/div><div class=\"envira-gallery-position-overlay  envira-gallery-bottom-left\"><\/div><div class=\"envira-gallery-position-overlay  envira-gallery-bottom-right\"><\/div><a href=\"https:\/\/gmc1-belpech.fr\/wp-content\/uploads\/2024\/11\/02ef1a82-9750-4275-94bf-d09deec4a2d8.jpg\" class=\"envira-gallery-333 envira-gallery-link\" rel=\"enviragallery333\" title=\"02ef1a82-9750-4275-94bf-d09deec4a2d8\" data-envira-caption=\"02ef1a82-9750-4275-94bf-d09deec4a2d8\" data-envira-retina=\"\" data-thumbnail=\"\"  itemprop=\"contentUrl\"><div class=\"envira-lazy\" data-test-width=\"640\" data-test-height=\"480\" style=\"padding-bottom:75%;\"><img decoding=\"async\" id=\"envira-gallery-image-459\" class=\"envira-gallery-image envira-gallery-image-4\" data-envira-index=\"4\" src=\"https:\/\/gmc1-belpech.fr\/wp-content\/uploads\/2024\/11\/02ef1a82-9750-4275-94bf-d09deec4a2d8-1024x768-640x480.jpg\" data-envira-src=\"https:\/\/gmc1-belpech.fr\/wp-content\/uploads\/2024\/11\/02ef1a82-9750-4275-94bf-d09deec4a2d8-1024x768-640x480.jpg\" data-envira-gallery-id=\"333\" data-envira-item-id=\"459\" data-envira-caption=\"02ef1a82-9750-4275-94bf-d09deec4a2d8\" alt=\"\" title=\"02ef1a82-9750-4275-94bf-d09deec4a2d8\"  itemprop=\"thumbnailUrl\" data-envira-srcset=\"https:\/\/gmc1-belpech.fr\/wp-content\/uploads\/2024\/11\/02ef1a82-9750-4275-94bf-d09deec4a2d8-1024x768-640x480.jpg 400w,https:\/\/gmc1-belpech.fr\/wp-content\/uploads\/2024\/11\/02ef1a82-9750-4275-94bf-d09deec4a2d8-1024x768-640x480.jpg 2x\" srcset=\"data:image\/gif;base64,R0lGODlhAQABAIAAAP\/\/\/\/\/\/\/yH5BAEKAAEALAAAAAABAAEAAAICTAEAOw==\" \/><\/div><\/a><\/div><\/div><div id=\"envira-gallery-item-442\" class=\"envira-gallery-item enviratope-item envira-gallery-item-5 envira-lazy-load\" style=\"padding-left: 3px; padding-bottom: 5px; padding-right: 3px;\"  itemscope itemtype=\"https:\/\/schema.org\/ImageObject\"><div class=\"envira-gallery-item-inner\"><div class=\"envira-gallery-position-overlay  envira-gallery-top-left\"><\/div><div class=\"envira-gallery-position-overlay  envira-gallery-top-right\"><\/div><div class=\"envira-gallery-position-overlay  envira-gallery-bottom-left\"><\/div><div class=\"envira-gallery-position-overlay  envira-gallery-bottom-right\"><\/div><a href=\"https:\/\/gmc1-belpech.fr\/wp-content\/uploads\/2024\/06\/e2f4a9fa-96ce-4d49-b6bf-6daa4fedf8d2-1-1.jpg\" class=\"envira-gallery-333 envira-gallery-link\" rel=\"enviragallery333\" title=\"e2f4a9fa-96ce-4d49-b6bf-6daa4fedf8d2-1.jpg\" data-envira-caption=\"e2f4a9fa-96ce-4d49-b6bf-6daa4fedf8d2-1.jpg\" data-envira-retina=\"\" data-thumbnail=\"\"  itemprop=\"contentUrl\"><div class=\"envira-lazy\" data-test-width=\"640\" data-test-height=\"480\" style=\"padding-bottom:75%;\"><img decoding=\"async\" id=\"envira-gallery-image-442\" class=\"envira-gallery-image envira-gallery-image-5\" data-envira-index=\"5\" src=\"https:\/\/gmc1-belpech.fr\/wp-content\/uploads\/2024\/06\/e2f4a9fa-96ce-4d49-b6bf-6daa4fedf8d2-1-1-768x1024-640x480.jpg\" data-envira-src=\"https:\/\/gmc1-belpech.fr\/wp-content\/uploads\/2024\/06\/e2f4a9fa-96ce-4d49-b6bf-6daa4fedf8d2-1-1-768x1024-640x480.jpg\" data-envira-gallery-id=\"333\" data-envira-item-id=\"442\" data-envira-caption=\"e2f4a9fa-96ce-4d49-b6bf-6daa4fedf8d2-1.jpg\" alt=\"\" title=\"e2f4a9fa-96ce-4d49-b6bf-6daa4fedf8d2-1.jpg\"  itemprop=\"thumbnailUrl\" data-envira-srcset=\"https:\/\/gmc1-belpech.fr\/wp-content\/uploads\/2024\/06\/e2f4a9fa-96ce-4d49-b6bf-6daa4fedf8d2-1-1-768x1024-640x480.jpg 400w,https:\/\/gmc1-belpech.fr\/wp-content\/uploads\/2024\/06\/e2f4a9fa-96ce-4d49-b6bf-6daa4fedf8d2-1-1-768x1024-640x480.jpg 2x\" srcset=\"data:image\/gif;base64,R0lGODlhAQABAIAAAP\/\/\/\/\/\/\/yH5BAEKAAEALAAAAAABAAEAAAICTAEAOw==\" \/><\/div><\/a><\/div><\/div><div id=\"envira-gallery-item-443\" class=\"envira-gallery-item enviratope-item envira-gallery-item-6 envira-lazy-load\" style=\"padding-left: 3px; padding-bottom: 5px; padding-right: 3px;\"  itemscope itemtype=\"https:\/\/schema.org\/ImageObject\"><div class=\"envira-gallery-item-inner\"><div class=\"envira-gallery-position-overlay  envira-gallery-top-left\"><\/div><div class=\"envira-gallery-position-overlay  envira-gallery-top-right\"><\/div><div class=\"envira-gallery-position-overlay  envira-gallery-bottom-left\"><\/div><div class=\"envira-gallery-position-overlay  envira-gallery-bottom-right\"><\/div><a href=\"https:\/\/gmc1-belpech.fr\/wp-content\/uploads\/2024\/06\/1a4026fa-c146-4b0d-83b7-e6e1223f981d-1-1.jpg\" class=\"envira-gallery-333 envira-gallery-link\" rel=\"enviragallery333\" title=\"1a4026fa-c146-4b0d-83b7-e6e1223f981d-1.jpg\" data-envira-caption=\"1a4026fa-c146-4b0d-83b7-e6e1223f981d-1.jpg\" data-envira-retina=\"\" data-thumbnail=\"\"  itemprop=\"contentUrl\"><div class=\"envira-lazy\" data-test-width=\"640\" data-test-height=\"480\" style=\"padding-bottom:75%;\"><img decoding=\"async\" id=\"envira-gallery-image-443\" class=\"envira-gallery-image envira-gallery-image-6\" data-envira-index=\"6\" src=\"https:\/\/gmc1-belpech.fr\/wp-content\/uploads\/2024\/06\/1a4026fa-c146-4b0d-83b7-e6e1223f981d-1-1-768x1024-640x480.jpg\" data-envira-src=\"https:\/\/gmc1-belpech.fr\/wp-content\/uploads\/2024\/06\/1a4026fa-c146-4b0d-83b7-e6e1223f981d-1-1-768x1024-640x480.jpg\" data-envira-gallery-id=\"333\" data-envira-item-id=\"443\" data-envira-caption=\"1a4026fa-c146-4b0d-83b7-e6e1223f981d-1.jpg\" alt=\"\" title=\"1a4026fa-c146-4b0d-83b7-e6e1223f981d-1.jpg\"  itemprop=\"thumbnailUrl\" data-envira-srcset=\"https:\/\/gmc1-belpech.fr\/wp-content\/uploads\/2024\/06\/1a4026fa-c146-4b0d-83b7-e6e1223f981d-1-1-768x1024-640x480.jpg 400w,https:\/\/gmc1-belpech.fr\/wp-content\/uploads\/2024\/06\/1a4026fa-c146-4b0d-83b7-e6e1223f981d-1-1-768x1024-640x480.jpg 2x\" srcset=\"data:image\/gif;base64,R0lGODlhAQABAIAAAP\/\/\/\/\/\/\/yH5BAEKAAEALAAAAAABAAEAAAICTAEAOw==\" \/><\/div><\/a><\/div><\/div><\/div><\/div><noscript><img decoding=\"async\" src=\"https:\/\/gmc1-belpech.fr\/wp-content\/uploads\/2024\/11\/2ced6330-83f0-4443-91ae-dc5504fe9835.jpg\" alt=\"\" \/><img decoding=\"async\" src=\"https:\/\/gmc1-belpech.fr\/wp-content\/uploads\/2024\/11\/4f84ba2e-9463-4084-92bc-a0c1bb1c4067.jpg\" alt=\"\" \/><img decoding=\"async\" src=\"https:\/\/gmc1-belpech.fr\/wp-content\/uploads\/2024\/11\/1a4026fa-c146-4b0d-83b7-e6e1223f981d.jpg\" alt=\"\" \/><img decoding=\"async\" src=\"https:\/\/gmc1-belpech.fr\/wp-content\/uploads\/2024\/11\/02ef1a82-9750-4275-94bf-d09deec4a2d8.jpg\" alt=\"\" \/><img decoding=\"async\" src=\"https:\/\/gmc1-belpech.fr\/wp-content\/uploads\/2024\/06\/e2f4a9fa-96ce-4d49-b6bf-6daa4fedf8d2-1-1.jpg\" alt=\"\" \/><img decoding=\"async\" src=\"https:\/\/gmc1-belpech.fr\/wp-content\/uploads\/2024\/06\/1a4026fa-c146-4b0d-83b7-e6e1223f981d-1-1.jpg\" alt=\"\" \/><\/noscript><\/div>\n\n\n\n<p><\/p>\n\n\n\n<h2 class=\"wp-block-heading\">Video<\/h2>\n\n\n\n<figure class=\"wp-block-video\"><video height=\"864\" style=\"aspect-ratio: 480 \/ 864;\" width=\"480\" controls preload=\"auto\" src=\"https:\/\/gmc1-belpech.fr\/wp-content\/uploads\/2024\/05\/926e5f49-306f-4d3e-87b6-5bfdc8c0e849.mp4\"><\/video><\/figure>\n\n\n\n<p><\/p>\n\n\n\n<p><\/p>\n\n\n\n<p>Merci de votre visite et de votre soutien continu. Si vous souhaitez en savoir plus ou nous rejoindre dans cette aventure, n&rsquo;h\u00e9sitez pas \u00e0 vous abonner en utilisant le bouton sur cette page.<\/p>\n\n\n\n<p><strong>L&rsquo;\u00e9quipe de GMC 1 BELPECH<\/strong><\/p>\n","protected":false},"excerpt":{"rendered":"<p>Cette section est d\u00e9di\u00e9e \u00e0 la mise en lumi\u00e8re de notre passion et de nos efforts pour restaurer et pr\u00e9server l&rsquo;ancien camion de pompiers de notre village. Parcourez notre galerie de photos pour d\u00e9couvrir l&rsquo;histoire vivante de ce v\u00e9hicule embl\u00e9matique, les \u00e9tapes de sa restauration, et les \u00e9v\u00e9nements auxquels il a particip\u00e9. Video Merci de &#8230; <a title=\"Photos\" class=\"read-more\" href=\"https:\/\/gmc1-belpech.fr\/index.php\/photos\/\" aria-label=\"Read more about Photos\">Lire la suite<\/a><\/p>\n","protected":false},"author":1,"featured_media":0,"parent":0,"menu_order":0,"comment_status":"closed","ping_status":"closed","template":"","meta":{"jetpack_post_was_ever_published":false,"footnotes":""},"class_list":["post-288","page","type-page","status-publish"],"jetpack_sharing_enabled":true,"_links":{"self":[{"href":"https:\/\/gmc1-belpech.fr\/index.php\/wp-json\/wp\/v2\/pages\/288","targetHints":{"allow":["GET"]}}],"collection":[{"href":"https:\/\/gmc1-belpech.fr\/index.php\/wp-json\/wp\/v2\/pages"}],"about":[{"href":"https:\/\/gmc1-belpech.fr\/index.php\/wp-json\/wp\/v2\/types\/page"}],"author":[{"embeddable":true,"href":"https:\/\/gmc1-belpech.fr\/index.php\/wp-json\/wp\/v2\/users\/1"}],"replies":[{"embeddable":true,"href":"https:\/\/gmc1-belpech.fr\/index.php\/wp-json\/wp\/v2\/comments?post=288"}],"version-history":[{"count":13,"href":"https:\/\/gmc1-belpech.fr\/index.php\/wp-json\/wp\/v2\/pages\/288\/revisions"}],"predecessor-version":[{"id":368,"href":"https:\/\/gmc1-belpech.fr\/index.php\/wp-json\/wp\/v2\/pages\/288\/revisions\/368"}],"wp:attachment":[{"href":"https:\/\/gmc1-belpech.fr\/index.php\/wp-json\/wp\/v2\/media?parent=288"}],"curies":[{"name":"wp","href":"https:\/\/api.w.org\/{rel}","templated":true}]}}